{"id":13,"date":"2026-03-12T13:39:50","date_gmt":"2026-03-12T13:39:50","guid":{"rendered":"http:\/\/hakova-sro.cz\/?page_id=13"},"modified":"2026-03-17T22:51:04","modified_gmt":"2026-03-17T21:51:04","slug":"uvod","status":"publish","type":"page","link":"https:\/\/hakova-sro.cz\/","title":{"rendered":"\u00davod"},"content":{"rendered":"\n<div class=\"wp-block-cover alignfull\" style=\"min-height:400px;aspect-ratio:unset;\"><img loading=\"lazy\" decoding=\"async\" width=\"1024\" height=\"683\" class=\"wp-block-cover__image-background wp-image-33 size-large\" alt=\"\" src=\"https:\/\/hakova-sro.cz\/wp-content\/uploads\/2026\/03\/ChatGPT-Image-12.-3.-2026-16_56_40-1024x683.png\" style=\"object-position:55% 38%\" data-object-fit=\"cover\" data-object-position=\"55% 38%\" srcset=\"https:\/\/hakova-sro.cz\/wp-content\/uploads\/2026\/03\/ChatGPT-Image-12.-3.-2026-16_56_40-1024x683.png 1024w, https:\/\/hakova-sro.cz\/wp-content\/uploads\/2026\/03\/ChatGPT-Image-12.-3.-2026-16_56_40-300x200.png 300w, https:\/\/hakova-sro.cz\/wp-content\/uploads\/2026\/03\/ChatGPT-Image-12.-3.-2026-16_56_40-768x512.png 768w, https:\/\/hakova-sro.cz\/wp-content\/uploads\/2026\/03\/ChatGPT-Image-12.-3.-2026-16_56_40.png 1536w\" sizes=\"auto, (max-width: 1024px) 100vw, 1024px\" \/><span aria-hidden=\"true\" class=\"wp-block-cover__background has-black-background-color has-background-dim-40 has-background-dim\"><\/span><div class=\"wp-block-cover__inner-container is-layout-constrained wp-block-cover-is-layout-constrained\">\n<p class=\"has-text-color has-link-color has-medium-font-size wp-elements-32f908801673fd25c85f2c60d903ae27\" style=\"color:#e0e2e7\"><strong>Spole\u010dnost H\u00e1kova s.r.o. <br>zaji\u0161\u0165uje systematickou spr\u00e1vu majetkov\u00fdch hodnot.<\/strong><\/p>\n\n\n\n<p class=\"has-text-align-center has-ast-global-color-4-color has-text-color has-link-color has-large-font-size wp-elements-7fcf958c67a17ea63c165f66e5f2f04a\"><strong>Spr\u00e1va vlastn\u00edho majetku<\/strong><\/p>\n<\/div><\/div>\n\n\n\n<h4 class=\"wp-block-heading\"><br><\/h4>\n\n\n\n<div class=\"wp-block-columns has-background is-layout-flex wp-container-core-columns-is-layout-28f84493 wp-block-columns-is-layout-flex\" style=\"border-style:none;border-width:0px;border-top-left-radius:16px;border-top-right-radius:16px;border-bottom-left-radius:16px;border-bottom-right-radius:16px;background:radial-gradient(rgb(254,254,254) 0%,rgb(169,184,195) 100%)\">\n<div class=\"wp-block-column is-layout-flow wp-block-column-is-layout-flow\" style=\"border-style:none;border-width:0px;border-top-left-radius:0px;border-top-right-radius:0px;border-bottom-left-radius:0px;border-bottom-right-radius:0px;padding-right:0;padding-left:0\">\n<h5 class=\"wp-block-heading has-medium-font-size\">\ud83c\udfe2&nbsp; Spr\u00e1va nemovitost\u00ed<\/h5>\n\n\n\n<p>Administrativn\u00ed a provozn\u00ed zaji\u0161t\u011bn\u00ed nemovitost\u00ed <br>a dohled nad jejich stavem.<\/p>\n<\/div>\n\n\n\n<div class=\"wp-block-column is-layout-flow wp-block-column-is-layout-flow\">\n<h5 class=\"wp-block-heading has-medium-font-size\">\ud83d\udcca Evidence majetku<\/h5>\n\n\n\n<p>P\u0159ehledn\u00e1 evidence majetkov\u00fdch polo\u017eek <br>a kontrola n\u00e1klad\u016f a v\u00fdnos\u016f.<\/p>\n<\/div>\n\n\n\n<div class=\"wp-block-column is-layout-flow wp-block-column-is-layout-flow\">\n<h5 class=\"wp-block-heading has-medium-font-size\">\ud83d\udd27 Koordinace \u00fadr\u017eby<\/h5>\n\n\n\n<p>Zaji\u0161t\u011bn\u00ed b\u011b\u017en\u00e9 \u00fadr\u017eby a spolupr\u00e1ce s extern\u00edmi dodavateli.<\/p>\n<\/div>\n<\/div>\n\n\n\n<p><\/p>\n\n\n\n<h3 class=\"wp-block-heading has-x-large-font-size\" style=\"margin-top:var(--wp--preset--spacing--50);margin-bottom:var(--wp--preset--spacing--20)\">O spole\u010dnosti<\/h3>\n\n\n\n<p style=\"padding-top:0;padding-bottom:0\">H\u00e1kova s.r.o. je spole\u010dnost zam\u011b\u0159en\u00e1 na spr\u00e1vu vlastn\u00edho majetku. <br>Na\u0161e \u010dinnost je zalo\u017eena na odpov\u011bdn\u00e9m p\u0159\u00edstupu, p\u0159ehledn\u00e9 evidenci a dlouhodob\u00e9 stabilit\u011b spravovan\u00fdch aktiv.<\/p>\n\n\n\n<p><\/p>\n\n\n\n<div class=\"wp-block-group has-background is-content-justification-left is-layout-constrained wp-container-core-group-is-layout-d7fa14ac wp-block-group-is-layout-constrained\" style=\"border-top-left-radius:16px;border-top-right-radius:16px;border-bottom-left-radius:16px;border-bottom-right-radius:16px;background-color:#eef2f6;padding-top:var(--wp--preset--spacing--30);padding-right:var(--wp--preset--spacing--30);padding-bottom:var(--wp--preset--spacing--30);padding-left:var(--wp--preset--spacing--30)\">\n<h3 class=\"wp-block-heading has-x-large-font-size\">Kontakt<\/h3>\n\n\n\n<p>\ud83d\udc64 Ing. Pavel Klega<br>\u2709\ufe0f E-mail: <a href=\"mailto:info@hakova-sro.cz\" target=\"_blank\" rel=\"noreferrer noopener\">info@hakova-sro.cz<\/a><\/p>\n<\/div>\n\n\n\n<p><\/p>\n\n\n\n<h3 class=\"wp-block-heading has-x-large-font-size\" style=\"margin-top:var(--wp--preset--spacing--50);margin-bottom:var(--wp--preset--spacing--20)\">Identifika\u010dn\u00ed \u00fadaje<\/h3>\n\n\n\n<p class=\"has-small-font-size\">H\u00e1kova s.r.o.<br>I\u010cO: 11681501<\/p>\n\n\n\n<p class=\"has-small-font-size\">S\u00eddlo:<br>H\u00e1kova 542\/7<br>109 00 Praha 15<\/p>\n\n\n\n<p class=\"has-small-font-size\">Spole\u010dnost je zaps\u00e1na v obchodn\u00edm rejst\u0159\u00edku veden\u00e9m M\u011bstsk\u00fdm soudem v Praze, spisov\u00e1 zna\u010dka C 352831.<br>Spole\u010dnost nen\u00ed pl\u00e1tcem DPH.<\/p>\n\n\n\n<hr class=\"wp-block-separator has-alpha-channel-opacity\"\/>\n\n\n\n<p><\/p>\n","protected":false},"excerpt":{"rendered":"<p>\ud83c\udfe2&nbsp; Spr\u00e1va nemovitost\u00ed Administrativn\u00ed a provozn\u00ed zaji\u0161t\u011bn\u00ed nemovitost\u00ed a dohled nad jejich stavem. \ud83d\udcca Evidence majetku P\u0159ehledn\u00e1 evidence majetkov\u00fdch polo\u017eek [&hellip;]<\/p>\n","protected":false},"author":1,"featured_media":0,"parent":0,"menu_order":0,"comment_status":"closed","ping_status":"closed","template":"","meta":{"site-sidebar-layout":"no-sidebar","site-content-layout":"","ast-site-content-layout":"full-width-container","site-content-style":"default","site-sidebar-style":"default","ast-global-header-display":"","ast-banner-title-visibility":"","ast-main-header-display":"","ast-hfb-above-header-display":"","ast-hfb-below-header-display":"","ast-hfb-mobile-header-display":"","site-post-title":"","ast-breadcrumbs-content":"","ast-featured-img":"disabled","footer-sml-layout":"","ast-disable-related-posts":"","theme-transparent-header-meta":"","adv-header-id-meta":"","stick-header-meta":"","header-above-stick-meta":"","header-main-stick-meta":"","header-below-stick-meta":"","astra-migrate-meta-layouts":"default","ast-page-background-enabled":"default","ast-page-background-meta":{"desktop":{"background-color":"var(--ast-global-color-5)","background-image":"","background-repeat":"repeat","background-position":"center center","background-size":"auto","background-attachment":"scroll","background-type":"","background-media":"","overlay-type":"","overlay-color":"","overlay-opacity":"","overlay-gradient":""},"tablet":{"background-color":"","background-image":"","background-repeat":"repeat","background-position":"center center","background-size":"auto","background-attachment":"scroll","background-type":"","background-media":"","overlay-type":"","overlay-color":"","overlay-opacity":"","overlay-gradient":""},"mobile":{"background-color":"","background-image":"","background-repeat":"repeat","background-position":"center center","background-size":"auto","background-attachment":"scroll","background-type":"","background-media":"","overlay-type":"","overlay-color":"","overlay-opacity":"","overlay-gradient":""}},"ast-content-background-meta":{"desktop":{"background-color":"var(--ast-global-color-4)","background-image":"","background-repeat":"repeat","background-position":"center center","background-size":"auto","background-attachment":"scroll","background-type":"","background-media":"","overlay-type":"","overlay-color":"","overlay-opacity":"","overlay-gradient":""},"tablet":{"background-color":"var(--ast-global-color-4)","background-image":"","background-repeat":"repeat","background-position":"center center","background-size":"auto","background-attachment":"scroll","background-type":"","background-media":"","overlay-type":"","overlay-color":"","overlay-opacity":"","overlay-gradient":""},"mobile":{"background-color":"var(--ast-global-color-4)","background-image":"","background-repeat":"repeat","background-position":"center center","background-size":"auto","background-attachment":"scroll","background-type":"","background-media":"","overlay-type":"","overlay-color":"","overlay-opacity":"","overlay-gradient":""}},"footnotes":""},"class_list":["post-13","page","type-page","status-publish","hentry"],"_links":{"self":[{"href":"https:\/\/hakova-sro.cz\/index.php\/wp-json\/wp\/v2\/pages\/13","targetHints":{"allow":["GET"]}}],"collection":[{"href":"https:\/\/hakova-sro.cz\/index.php\/wp-json\/wp\/v2\/pages"}],"about":[{"href":"https:\/\/hakova-sro.cz\/index.php\/wp-json\/wp\/v2\/types\/page"}],"author":[{"embeddable":true,"href":"https:\/\/hakova-sro.cz\/index.php\/wp-json\/wp\/v2\/users\/1"}],"replies":[{"embeddable":true,"href":"https:\/\/hakova-sro.cz\/index.php\/wp-json\/wp\/v2\/comments?post=13"}],"version-history":[{"count":37,"href":"https:\/\/hakova-sro.cz\/index.php\/wp-json\/wp\/v2\/pages\/13\/revisions"}],"predecessor-version":[{"id":73,"href":"https:\/\/hakova-sro.cz\/index.php\/wp-json\/wp\/v2\/pages\/13\/revisions\/73"}],"wp:attachment":[{"href":"https:\/\/hakova-sro.cz\/index.php\/wp-json\/wp\/v2\/media?parent=13"}],"curies":[{"name":"wp","href":"https:\/\/api.w.org\/{rel}","templated":true}]}}